{"id":7070,"date":"2026-04-01T14:02:47","date_gmt":"2026-04-01T18:02:47","guid":{"rendered":"https:\/\/www.inkcups.com\/es\/?page_id=7070"},"modified":"2026-04-01T14:02:47","modified_gmt":"2026-04-01T18:02:47","slug":"los-desafios-de-la-impresion-por-inyeccion-de-tinta-en-superficies-curvas","status":"publish","type":"page","link":"https:\/\/www.inkcups.com\/es\/los-desafios-de-la-impresion-por-inyeccion-de-tinta-en-superficies-curvas\/","title":{"rendered":"Los desaf\u00edos de la impresi\u00f3n por inyecci\u00f3n de tinta en superficies curvas"},"content":{"rendered":"","protected":false},"excerpt":{"rendered":"","protected":false},"author":16,"featured_media":5127,"parent":0,"menu_order":0,"comment_status":"closed","ping_status":"closed","template":"","meta":{"_acf_changed":false,"footnotes":""},"class_list":["post-7070","page","type-page","status-publish","has-post-thumbnail","hentry"],"acf":[],"_links":{"self":[{"href":"https:\/\/www.inkcups.com\/es\/wp-json\/wp\/v2\/pages\/7070","targetHints":{"allow":["GET"]}}],"collection":[{"href":"https:\/\/www.inkcups.com\/es\/wp-json\/wp\/v2\/pages"}],"about":[{"href":"https:\/\/www.inkcups.com\/es\/wp-json\/wp\/v2\/types\/page"}],"author":[{"embeddable":true,"href":"https:\/\/www.inkcups.com\/es\/wp-json\/wp\/v2\/users\/16"}],"replies":[{"embeddable":true,"href":"https:\/\/www.inkcups.com\/es\/wp-json\/wp\/v2\/comments?post=7070"}],"version-history":[{"count":0,"href":"https:\/\/www.inkcups.com\/es\/wp-json\/wp\/v2\/pages\/7070\/revisions"}],"wp:featuredmedia":[{"embeddable":true,"href":"https:\/\/www.inkcups.com\/es\/wp-json\/wp\/v2\/media\/5127"}],"wp:attachment":[{"href":"https:\/\/www.inkcups.com\/es\/wp-json\/wp\/v2\/media?parent=7070"}],"curies":[{"name":"wp","href":"https:\/\/api.w.org\/{rel}","templated":true}]}}