{"id":5223,"date":"2026-03-06T09:44:13","date_gmt":"2026-03-06T14:44:13","guid":{"rendered":"https:\/\/www.inkcups.com\/es\/?page_id=5223"},"modified":"2026-03-06T09:44:13","modified_gmt":"2026-03-06T14:44:13","slug":"todo-sobre-las-impresoras-uv-de-cama-plana","status":"publish","type":"page","link":"https:\/\/www.inkcups.com\/es\/todo-sobre-las-impresoras-uv-de-cama-plana\/","title":{"rendered":"Todo Sobre las Impresoras UV de Cama Plana"},"content":{"rendered":"<p>Las impresoras UV planas industriales son ideales para decorar una amplia gama de objetos planos y ligeramente curvados con <a href=\"https:\/\/www.inkcups.com\/es\/suministros-para-impresoras-inkjet\/tintas-inkjet\/\">tintas digitales curables<\/a> por UV. Con este tipo de impresora, se pueden imprimir im\u00e1genes o dise\u00f1os digitales directamente sobre diversos materiales, como pl\u00e1stico, vidrio, madera, acero inoxidable, cer\u00e1mica, metal y m\u00e1s. Sin embargo, es fundamental tener en cuenta que las impresoras UV planas son ideales principalmente para productos planos y ligeramente curvados debido a la configuraci\u00f3n de sus cabezales de impresi\u00f3n.<\/p>\n<p>Para lograr una calidad de impresi\u00f3n \u00f3ptima, es necesario colocar el producto lo m\u00e1s cerca posible del \u00e1rea de impresi\u00f3n, sin contacto f\u00edsico. Este meticuloso enfoque garantiza que, cuando los cabezales de impresi\u00f3n dispersen la tinta sobre la superficie del producto, el resultado sea una resoluci\u00f3n n\u00edtida sin efecto de pulverizaci\u00f3n. Las impresoras UV planas tambi\u00e9n cuentan con un dispositivo m\u00f3vil que env\u00eda las piezas a la m\u00e1quina para su impresi\u00f3n y luego las retira para su recuperaci\u00f3n.<\/p>\n<p>Para imprimir en recipientes cil\u00edndricos, como vasos, considere una impresora de <a href=\"https:\/\/www.inkcups.com\/es\/impresoras-de-inyeccion-de-tinta-cilindricas\/\">inyecci\u00f3n de tinta cil\u00edndrica UV<\/a>.<\/p>\n","protected":false},"excerpt":{"rendered":"<p>Las impresoras UV planas industriales son ideales para decorar una amplia gama de objetos planos y ligeramente curvados con tintas digitales curables por UV. Con este tipo de impresora, se pueden imprimir im\u00e1genes o dise\u00f1os digitales directamente sobre diversos materiales, como pl\u00e1stico, vidrio, madera, acero inoxidable, cer\u00e1mica, metal y m\u00e1s. Sin embargo, es fundamental tener<\/p>\n","protected":false},"author":16,"featured_media":0,"parent":0,"menu_order":0,"comment_status":"closed","ping_status":"closed","template":"","meta":{"_acf_changed":false,"footnotes":""},"class_list":["post-5223","page","type-page","status-publish","hentry"],"acf":[],"_links":{"self":[{"href":"https:\/\/www.inkcups.com\/es\/wp-json\/wp\/v2\/pages\/5223","targetHints":{"allow":["GET"]}}],"collection":[{"href":"https:\/\/www.inkcups.com\/es\/wp-json\/wp\/v2\/pages"}],"about":[{"href":"https:\/\/www.inkcups.com\/es\/wp-json\/wp\/v2\/types\/page"}],"author":[{"embeddable":true,"href":"https:\/\/www.inkcups.com\/es\/wp-json\/wp\/v2\/users\/16"}],"replies":[{"embeddable":true,"href":"https:\/\/www.inkcups.com\/es\/wp-json\/wp\/v2\/comments?post=5223"}],"version-history":[{"count":0,"href":"https:\/\/www.inkcups.com\/es\/wp-json\/wp\/v2\/pages\/5223\/revisions"}],"wp:attachment":[{"href":"https:\/\/www.inkcups.com\/es\/wp-json\/wp\/v2\/media?parent=5223"}],"curies":[{"name":"wp","href":"https:\/\/api.w.org\/{rel}","templated":true}]}}