{"id":3109,"date":"2019-01-03T12:38:02","date_gmt":"2019-01-03T12:38:02","guid":{"rendered":"http:\/\/inkcupsmain.wpengine.com\/?page_id=3109"},"modified":"2026-03-12T12:23:06","modified_gmt":"2026-03-12T16:23:06","slug":"maquinas-de-tampografia-estandar-de-inkcups","status":"publish","type":"page","link":"https:\/\/www.inkcups.com\/es\/maquinas-de-tampografia-estandar-de-inkcups\/","title":{"rendered":"Tampograf\u00eda 101 &#8211; LA GU\u00cdA \u00daLTIMA"},"content":{"rendered":"","protected":false},"excerpt":{"rendered":"","protected":false},"author":12,"featured_media":0,"parent":0,"menu_order":0,"comment_status":"closed","ping_status":"closed","template":"","meta":{"_acf_changed":false,"footnotes":""},"class_list":["post-3109","page","type-page","status-publish","hentry"],"acf":[],"_links":{"self":[{"href":"https:\/\/www.inkcups.com\/es\/wp-json\/wp\/v2\/pages\/3109","targetHints":{"allow":["GET"]}}],"collection":[{"href":"https:\/\/www.inkcups.com\/es\/wp-json\/wp\/v2\/pages"}],"about":[{"href":"https:\/\/www.inkcups.com\/es\/wp-json\/wp\/v2\/types\/page"}],"author":[{"embeddable":true,"href":"https:\/\/www.inkcups.com\/es\/wp-json\/wp\/v2\/users\/12"}],"replies":[{"embeddable":true,"href":"https:\/\/www.inkcups.com\/es\/wp-json\/wp\/v2\/comments?post=3109"}],"version-history":[{"count":0,"href":"https:\/\/www.inkcups.com\/es\/wp-json\/wp\/v2\/pages\/3109\/revisions"}],"wp:attachment":[{"href":"https:\/\/www.inkcups.com\/es\/wp-json\/wp\/v2\/media?parent=3109"}],"curies":[{"name":"wp","href":"https:\/\/api.w.org\/{rel}","templated":true}]}}